{"id":11014,"date":"2020-11-22T19:11:32","date_gmt":"2020-11-22T17:11:32","guid":{"rendered":"https:\/\/www.solive.it\/?post_type=product&#038;p=11014"},"modified":"2023-11-03T19:11:38","modified_gmt":"2023-11-03T17:11:38","slug":"bauletto-you-me","status":"publish","type":"product","link":"https:\/\/www.solive.it\/en\/product\/satchel-you-me\/","title":{"rendered":"You &amp; Me satchel"},"content":{"rendered":"<div class=\"vc_row wpb_row vc_row-fluid\"><div class=\"wpb_column vc_column_container vc_col-sm-12\"><div class=\"vc_column-inner\"><div class=\"wpb_wrapper\">\n\t<div class=\"wpb_text_column wpb_content_element\" >\n\t\t<div class=\"wpb_wrapper\">\n\t\t\t<p>A truly unique package! Perfect as a gift or to accompany your evenings in sweet company.<\/p>\n\n\t\t<\/div>\n\t<\/div>\n<\/div><\/div><\/div><\/div>","protected":false},"excerpt":{"rendered":"<p>A package indeed <strong>exclusive!<\/strong><\/p>\n<p><strong>Two glasses with Solive logo<\/strong> and your favorite bottle of Franciacorta chosen from Brut, Sat\u00e8n, Ros\u00e8, Pas Dos\u00e8 and Millesimato Giosep<\/p>\n<blockquote><p><em><strong>Packaging sold exclusively with wine - Wine is not included<br \/>\n<\/strong><\/em><\/p><\/blockquote>\n<p>CONTAINS SULFITES<\/p>\n<p>PRODUCED IN ITALY<\/p>","protected":false},"featured_media":13991,"template":"","meta":[],"product_cat":[242,170,171],"product_tag":[152,213,214,234,237,244,245,246,247],"yoast_head":"<!-- This site is optimized with the Yoast SEO plugin v22.6 - https:\/\/yoast.com\/wordpress\/plugins\/seo\/ -->\n<title>Bauletto You &amp; Me - SOLIVE<\/title>\n<meta name=\"description\" content=\"Elegante bauletto in legno contenente due Calici logati Solive. Un regalo romantico e sempre apprezzato dagli amanti del nostro Franciacorta\" \/>\n<meta name=\"robots\" content=\"index, follow, max-snippet:-1, max-image-preview:large, max-video-preview:-1\" \/>\n<link rel=\"canonical\" href=\"https:\/\/www.solive.it\/en\/product\/satchel-you-me\/\" \/>\n<meta property=\"og:locale\" content=\"en_US\" \/>\n<meta property=\"og:type\" content=\"article\" \/>\n<meta property=\"og:title\" content=\"Bauletto You &amp; Me - SOLIVE\" \/>\n<meta property=\"og:description\" content=\"Elegante bauletto in legno contenente due Calici logati Solive. Un regalo romantico e sempre apprezzato dagli amanti del nostro Franciacorta\" \/>\n<meta property=\"og:url\" content=\"https:\/\/www.solive.it\/en\/product\/satchel-you-me\/\" \/>\n<meta property=\"og:site_name\" content=\"SOLIVE\" \/>\n<meta property=\"article:modified_time\" content=\"2023-11-03T17:11:38+00:00\" \/>\n<meta property=\"og:image\" content=\"https:\/\/www.solive.it\/wp-content\/uploads\/bauletto-you-me.jpg\" \/>\n\t<meta property=\"og:image:width\" content=\"1200\" \/>\n\t<meta property=\"og:image:height\" content=\"1200\" \/>\n\t<meta property=\"og:image:type\" content=\"image\/jpeg\" \/>\n<meta name=\"twitter:card\" content=\"summary_large_image\" \/>\n<script type=\"application\/ld+json\" class=\"yoast-schema-graph\">{\"@context\":\"https:\/\/schema.org\",\"@graph\":[{\"@type\":\"WebPage\",\"@id\":\"https:\/\/www.solive.it\/prodotto\/bauletto-you-me\/\",\"url\":\"https:\/\/www.solive.it\/prodotto\/bauletto-you-me\/\",\"name\":\"Bauletto You & Me - SOLIVE\",\"isPartOf\":{\"@id\":\"https:\/\/www.solive.it\/#website\"},\"primaryImageOfPage\":{\"@id\":\"https:\/\/www.solive.it\/prodotto\/bauletto-you-me\/#primaryimage\"},\"image\":{\"@id\":\"https:\/\/www.solive.it\/prodotto\/bauletto-you-me\/#primaryimage\"},\"thumbnailUrl\":\"https:\/\/www.solive.it\/wp-content\/uploads\/bauletto-you-me.jpg\",\"datePublished\":\"2020-11-22T17:11:32+00:00\",\"dateModified\":\"2023-11-03T17:11:38+00:00\",\"description\":\"Elegante bauletto in legno contenente due Calici logati Solive. Un regalo romantico e sempre apprezzato dagli amanti del nostro Franciacorta\",\"breadcrumb\":{\"@id\":\"https:\/\/www.solive.it\/prodotto\/bauletto-you-me\/#breadcrumb\"},\"inLanguage\":\"en-US\",\"potentialAction\":[{\"@type\":\"ReadAction\",\"target\":[\"https:\/\/www.solive.it\/prodotto\/bauletto-you-me\/\"]}]},{\"@type\":\"ImageObject\",\"inLanguage\":\"en-US\",\"@id\":\"https:\/\/www.solive.it\/prodotto\/bauletto-you-me\/#primaryimage\",\"url\":\"https:\/\/www.solive.it\/wp-content\/uploads\/bauletto-you-me.jpg\",\"contentUrl\":\"https:\/\/www.solive.it\/wp-content\/uploads\/bauletto-you-me.jpg\",\"width\":1200,\"height\":1200},{\"@type\":\"BreadcrumbList\",\"@id\":\"https:\/\/www.solive.it\/prodotto\/bauletto-you-me\/#breadcrumb\",\"itemListElement\":[{\"@type\":\"ListItem\",\"position\":1,\"name\":\"Home\",\"item\":\"https:\/\/www.solive.it\/\"},{\"@type\":\"ListItem\",\"position\":2,\"name\":\"Shop\",\"item\":\"https:\/\/www.solive.it\/shop\/\"},{\"@type\":\"ListItem\",\"position\":3,\"name\":\"Bauletto You &#038; Me\"}]},{\"@type\":\"WebSite\",\"@id\":\"https:\/\/www.solive.it\/#website\",\"url\":\"https:\/\/www.solive.it\/\",\"name\":\"SOLIVE\",\"description\":\"Cantina, Agriturismo e Azienda Agricola In Franciacorta\",\"potentialAction\":[{\"@type\":\"SearchAction\",\"target\":{\"@type\":\"EntryPoint\",\"urlTemplate\":\"https:\/\/www.solive.it\/?s={search_term_string}\"},\"query-input\":\"required name=search_term_string\"}],\"inLanguage\":\"en-US\"}]}<\/script>\n<!-- \/ Yoast SEO plugin. -->","yoast_head_json":{"title":"Bauletto You & Me - SOLIVE","description":"Elegante bauletto in legno contenente due Calici logati Solive. Un regalo romantico e sempre apprezzato dagli amanti del nostro Franciacorta","robots":{"index":"index","follow":"follow","max-snippet":"max-snippet:-1","max-image-preview":"max-image-preview:large","max-video-preview":"max-video-preview:-1"},"canonical":"https:\/\/www.solive.it\/en\/product\/satchel-you-me\/","og_locale":"en_US","og_type":"article","og_title":"Bauletto You & Me - SOLIVE","og_description":"Elegante bauletto in legno contenente due Calici logati Solive. Un regalo romantico e sempre apprezzato dagli amanti del nostro Franciacorta","og_url":"https:\/\/www.solive.it\/en\/product\/satchel-you-me\/","og_site_name":"SOLIVE","article_modified_time":"2023-11-03T17:11:38+00:00","og_image":[{"width":1200,"height":1200,"url":"https:\/\/www.solive.it\/wp-content\/uploads\/bauletto-you-me.jpg","type":"image\/jpeg"}],"twitter_card":"summary_large_image","schema":{"@context":"https:\/\/schema.org","@graph":[{"@type":"WebPage","@id":"https:\/\/www.solive.it\/prodotto\/bauletto-you-me\/","url":"https:\/\/www.solive.it\/prodotto\/bauletto-you-me\/","name":"Bauletto You & Me - SOLIVE","isPartOf":{"@id":"https:\/\/www.solive.it\/#website"},"primaryImageOfPage":{"@id":"https:\/\/www.solive.it\/prodotto\/bauletto-you-me\/#primaryimage"},"image":{"@id":"https:\/\/www.solive.it\/prodotto\/bauletto-you-me\/#primaryimage"},"thumbnailUrl":"https:\/\/www.solive.it\/wp-content\/uploads\/bauletto-you-me.jpg","datePublished":"2020-11-22T17:11:32+00:00","dateModified":"2023-11-03T17:11:38+00:00","description":"Elegante bauletto in legno contenente due Calici logati Solive. Un regalo romantico e sempre apprezzato dagli amanti del nostro Franciacorta","breadcrumb":{"@id":"https:\/\/www.solive.it\/prodotto\/bauletto-you-me\/#breadcrumb"},"inLanguage":"en-US","potentialAction":[{"@type":"ReadAction","target":["https:\/\/www.solive.it\/prodotto\/bauletto-you-me\/"]}]},{"@type":"ImageObject","inLanguage":"en-US","@id":"https:\/\/www.solive.it\/prodotto\/bauletto-you-me\/#primaryimage","url":"https:\/\/www.solive.it\/wp-content\/uploads\/bauletto-you-me.jpg","contentUrl":"https:\/\/www.solive.it\/wp-content\/uploads\/bauletto-you-me.jpg","width":1200,"height":1200},{"@type":"BreadcrumbList","@id":"https:\/\/www.solive.it\/prodotto\/bauletto-you-me\/#breadcrumb","itemListElement":[{"@type":"ListItem","position":1,"name":"Home","item":"https:\/\/www.solive.it\/"},{"@type":"ListItem","position":2,"name":"Shop","item":"https:\/\/www.solive.it\/shop\/"},{"@type":"ListItem","position":3,"name":"Bauletto You &#038; Me"}]},{"@type":"WebSite","@id":"https:\/\/www.solive.it\/#website","url":"https:\/\/www.solive.it\/","name":"SOLIVE","description":"Cantina, Agriturismo e Azienda Agricola In Franciacorta","potentialAction":[{"@type":"SearchAction","target":{"@type":"EntryPoint","urlTemplate":"https:\/\/www.solive.it\/?s={search_term_string}"},"query-input":"required name=search_term_string"}],"inLanguage":"en-US"}]}},"_links":{"self":[{"href":"https:\/\/www.solive.it\/en\/wp-json\/wp\/v2\/product\/11014"}],"collection":[{"href":"https:\/\/www.solive.it\/en\/wp-json\/wp\/v2\/product"}],"about":[{"href":"https:\/\/www.solive.it\/en\/wp-json\/wp\/v2\/types\/product"}],"wp:featuredmedia":[{"embeddable":true,"href":"https:\/\/www.solive.it\/en\/wp-json\/wp\/v2\/media\/13991"}],"wp:attachment":[{"href":"https:\/\/www.solive.it\/en\/wp-json\/wp\/v2\/media?parent=11014"}],"wp:term":[{"taxonomy":"product_cat","embeddable":true,"href":"https:\/\/www.solive.it\/en\/wp-json\/wp\/v2\/product_cat?post=11014"},{"taxonomy":"product_tag","embeddable":true,"href":"https:\/\/www.solive.it\/en\/wp-json\/wp\/v2\/product_tag?post=11014"}],"curies":[{"name":"wp","href":"https:\/\/api.w.org\/{rel}","templated":true}]}}